{"id":5661,"date":"2024-09-02T17:03:19","date_gmt":"2024-09-02T17:03:19","guid":{"rendered":"https:\/\/jugobar.com\/?post_type=product&#038;p=5661"},"modified":"2024-09-02T17:07:06","modified_gmt":"2024-09-02T17:07:06","slug":"alulosa-230g","status":"publish","type":"product","link":"https:\/\/jugobar.com\/es\/producto\/alulosa-230g\/","title":{"rendered":"ALULOSA 230g"},"content":{"rendered":"<p>La <strong>Alulosa<\/strong> es nuestro endulzante TOP<\/p>\n<p>Es un endulzante natural que se encuentra en los higos, las pasas y ma\u00edz.<\/p>","protected":false},"excerpt":{"rendered":"<p>La <strong>Alulosa<\/strong> es nuestro endulzante TOP ya que ademas de endulzar, \u00a0cuida tu microbiota. \u00a0Es un endulzante natural que se encuentra en los higos, las pasas y ma\u00edz. Esta no es absorbida por el cuerpo es por eso baja en calor\u00edas. Adem\u00e1s, la alulosa tiene un sabor dulce similar al az\u00facar de mesa, pero contiene aproximadamente 90% menos calor\u00edas, un \u00edndice gluc\u00e9mico bajo, no eleva los niveles de az\u00facar en la sangre de manera significativa, lo que la hace una opci\u00f3n segura para personas con diabetes.<\/p>","protected":false},"featured_media":5662,"comment_status":"open","ping_status":"closed","template":"","meta":[],"product_cat":[60],"product_tag":[999],"_links":{"self":[{"href":"https:\/\/jugobar.com\/es\/wp-json\/wp\/v2\/product\/5661"}],"collection":[{"href":"https:\/\/jugobar.com\/es\/wp-json\/wp\/v2\/product"}],"about":[{"href":"https:\/\/jugobar.com\/es\/wp-json\/wp\/v2\/types\/product"}],"replies":[{"embeddable":true,"href":"https:\/\/jugobar.com\/es\/wp-json\/wp\/v2\/comments?post=5661"}],"wp:featuredmedia":[{"embeddable":true,"href":"https:\/\/jugobar.com\/es\/wp-json\/wp\/v2\/media\/5662"}],"wp:attachment":[{"href":"https:\/\/jugobar.com\/es\/wp-json\/wp\/v2\/media?parent=5661"}],"wp:term":[{"taxonomy":"product_cat","embeddable":true,"href":"https:\/\/jugobar.com\/es\/wp-json\/wp\/v2\/product_cat?post=5661"},{"taxonomy":"product_tag","embeddable":true,"href":"https:\/\/jugobar.com\/es\/wp-json\/wp\/v2\/product_tag?post=5661"}],"curies":[{"name":"wp","href":"https:\/\/api.w.org\/{rel}","templated":true}]}}