{"id":5424,"date":"2023-03-16T19:13:05","date_gmt":"2023-03-16T19:13:05","guid":{"rendered":"https:\/\/jugobar.com\/?post_type=product&#038;p=5424"},"modified":"2023-04-06T21:14:01","modified_gmt":"2023-04-06T21:14:01","slug":"buena-vida-cerros-de-tarrazu-coffee-ground-1k","status":"publish","type":"product","link":"https:\/\/jugobar.com\/es\/producto\/buena-vida-cerros-de-tarrazu-coffee-ground-1k\/","title":{"rendered":"BUENA VIDA &#8211; CERROS DE TARRAZU GROUND COFFEE  1k"},"content":{"rendered":"<p><strong>Buena Vida, Cerros de Tarrazu Ground Coffee,\u00a0 mid dark<\/strong><\/p>\n<p><strong>ORGANIC<\/strong><\/p>\n<p><strong>1 kilo<\/strong><\/p>","protected":false},"excerpt":{"rendered":"<p><strong>\u00a0Buena Vida, Cerros de Tarrazu Ground Coffee, mid dark<\/strong><\/p>\n<p>Disfruta los sabores del cacao, moras y tapa dulce, acompa\u00f1ados de una acidez c\u00edtrica, proveniente de una regi\u00f3n con tradici\u00f3n cafetera, Zona de los Santos, Tarraz\u00fa, Costa Rica.<\/p>\n<p><strong>ORGANIC<\/strong><\/p>\n<p><strong>1 kilo<\/strong><\/p>","protected":false},"featured_media":5430,"comment_status":"open","ping_status":"closed","template":"","meta":[],"product_cat":[746,160,161],"product_tag":[917,440,441,748,915],"_links":{"self":[{"href":"https:\/\/jugobar.com\/es\/wp-json\/wp\/v2\/product\/5424"}],"collection":[{"href":"https:\/\/jugobar.com\/es\/wp-json\/wp\/v2\/product"}],"about":[{"href":"https:\/\/jugobar.com\/es\/wp-json\/wp\/v2\/types\/product"}],"replies":[{"embeddable":true,"href":"https:\/\/jugobar.com\/es\/wp-json\/wp\/v2\/comments?post=5424"}],"wp:featuredmedia":[{"embeddable":true,"href":"https:\/\/jugobar.com\/es\/wp-json\/wp\/v2\/media\/5430"}],"wp:attachment":[{"href":"https:\/\/jugobar.com\/es\/wp-json\/wp\/v2\/media?parent=5424"}],"wp:term":[{"taxonomy":"product_cat","embeddable":true,"href":"https:\/\/jugobar.com\/es\/wp-json\/wp\/v2\/product_cat?post=5424"},{"taxonomy":"product_tag","embeddable":true,"href":"https:\/\/jugobar.com\/es\/wp-json\/wp\/v2\/product_tag?post=5424"}],"curies":[{"name":"wp","href":"https:\/\/api.w.org\/{rel}","templated":true}]}}