{"id":5364,"date":"2023-01-19T17:08:45","date_gmt":"2023-01-19T17:08:45","guid":{"rendered":"https:\/\/jugobar.com\/?post_type=product&#038;p=5364"},"modified":"2024-09-09T18:25:25","modified_gmt":"2024-09-09T18:25:25","slug":"tonnino-tuna-filet-with-capers-in-olive-oil-12u","status":"publish","type":"product","link":"https:\/\/jugobar.com\/es\/producto\/tonnino-tuna-filet-with-capers-in-olive-oil-12u\/","title":{"rendered":"TONNINO, FILETE DE ATUN CON ALCAPARRAS EN ACEITE DE OLIVA 12u"},"content":{"rendered":"<p><strong>TONNINO Gourmet At\u00fan con Alcaparras en Aceite de Oliva<\/strong><\/p>\n<p>Ready to Enjoy: Each case contains 12\/ 6.7 oz Premium Tonnino TUNA FILET WITH CAPERS IN OLIVE OIL<\/p>\n<p>TONNINO At\u00fan con Alcaparras en Aceite de Oliva, Bajo en Calor\u00edas, Sin Gluten, Filetes de At\u00fan, At\u00fan Premium, Rabil en Aceite de Oliva,<\/p>\n<p>Case 12u\/Packed in Glass, 6.7 Ounce<\/p>","protected":false},"excerpt":{"rendered":"<p><strong>TONNINO Gourmet At\u00fan con Alcaparras en Aceite de Oliva<\/strong><\/p>\n<p>Filetes de at\u00fan amarillo gourmet enlatados, saludables y extremadamente sabrosos, sin gluten, seguros para delfines y bajos en mercurio, capturados de manera responsable y empacados a mano. Una gran fuente de omega 3 para los ni\u00f1os.<br \/>\nLos productos Tonnino son filetes gourmet de aleta amarilla 100%. Un at\u00fan gourmet de la realeza.<br \/>\n<strong>At\u00fan Tonnino<\/strong> <strong>con Alcaparras en Aceite de Oliva<\/strong> son una gran opci\u00f3n como regalo, para un amigo especial, un cumplea\u00f1os o una cena con amigos.<\/p>\n<p>Bajo en sodio y colesterol, alto en prote\u00ednas para una r\u00e1pida p\u00e9rdida de peso. Los filetes de at\u00fan gourmet Tonnino ser\u00e1n el complemento perfecto para tu dieta keto.<\/p>\n<p>Verificaci\u00f3n sin OMG.<\/p>\n<p>Case 12u\/Packed in Glass, 6.7 Ounce<\/p>","protected":false},"featured_media":5385,"comment_status":"open","ping_status":"closed","template":"","meta":[],"product_cat":[466,511,160,710,315,845,467,853],"product_tag":[850,475,851,480,908,852],"_links":{"self":[{"href":"https:\/\/jugobar.com\/es\/wp-json\/wp\/v2\/product\/5364"}],"collection":[{"href":"https:\/\/jugobar.com\/es\/wp-json\/wp\/v2\/product"}],"about":[{"href":"https:\/\/jugobar.com\/es\/wp-json\/wp\/v2\/types\/product"}],"replies":[{"embeddable":true,"href":"https:\/\/jugobar.com\/es\/wp-json\/wp\/v2\/comments?post=5364"}],"wp:featuredmedia":[{"embeddable":true,"href":"https:\/\/jugobar.com\/es\/wp-json\/wp\/v2\/media\/5385"}],"wp:attachment":[{"href":"https:\/\/jugobar.com\/es\/wp-json\/wp\/v2\/media?parent=5364"}],"wp:term":[{"taxonomy":"product_cat","embeddable":true,"href":"https:\/\/jugobar.com\/es\/wp-json\/wp\/v2\/product_cat?post=5364"},{"taxonomy":"product_tag","embeddable":true,"href":"https:\/\/jugobar.com\/es\/wp-json\/wp\/v2\/product_tag?post=5364"}],"curies":[{"name":"wp","href":"https:\/\/api.w.org\/{rel}","templated":true}]}}