{"id":5173,"date":"2022-07-05T19:09:53","date_gmt":"2022-07-05T19:09:53","guid":{"rendered":"https:\/\/jugobar.com\/?post_type=product&#038;p=5173"},"modified":"2023-07-18T19:42:11","modified_gmt":"2023-07-18T19:42:11","slug":"nin-jiom-pei-pa-koa-300ml","status":"publish","type":"product","link":"https:\/\/jugobar.com\/es\/producto\/nin-jiom-pei-pa-koa-300ml\/","title":{"rendered":"Nin Jiom Pei Pa Koa 300ml"},"content":{"rendered":"<h4>NIN JIOM PEI PA KOA (F\u00d3RMULA HERBARIA)<\/h4>\n<h5>Suplemento diet\u00e9tico a base de hierbas con miel y n\u00edspero<\/h5>\n<p>Nin Jiom Pei Pa Koa est\u00e1 hecho de una variedad de hierbas preciosas y miel. Ha sido muy popular durante siglos debido a su notable eficacia y agradable sabor.<\/p>\n<h5>Uso sugerido:<\/h5>\n<ul>\n<li>Adultos mayores de 12 a\u00f1os: Tomar 1 cucharada (15ml) cada vez, 3 veces al d\u00eda.<\/li>\n<li>Ni\u00f1os: De 7 a 12 a\u00f1os: Tomar 2\/3 de cucharada (10 ml) cada vez, 3 veces al d\u00eda; De 4 a 6 a\u00f1os: Tomar 1\/3 de cucharada (5 ml) cada vez, 3 veces al d\u00eda.<\/li>\n<li>O tomado de acuerdo con el consejo del m\u00e9dico.<\/li>\n<li>Col\u00f3quelo en la boca y trague lentamente o diluya en agua tibia.<\/li>\n<\/ul>\n<h5>Precauci\u00f3n:<\/h5>\n<p>Si est\u00e1 embarazada, amamantando, tomando medicamentos recetados, bajo el cuidado de un m\u00e9dico o tiene preguntas, consulte a un m\u00e9dico antes de tomar.<\/p>\n<p>*Esta declaraci\u00f3n no ha sido evaluada por la Administraci\u00f3n de Alimentos y Medicamentos. Este producto no est\u00e1 destinado a diagnosticar, tratar, curar o prevenir ninguna enfermedad.<\/p>\n<h5>Especificaci\u00f3n del paquete:<\/h5>\n<p>300 ml<\/p>","protected":false},"excerpt":{"rendered":"<h3>Nin Jiom Pei Pa Koa<\/h3>\n<h5>NUTRE LOS PULMONES Y CALMA LA GARGANTA<\/h5>\n<p>Suplemento diet\u00e9tico a base de hierbas con miel y n\u00edspero, conocido popularmente en chino como &quot;PEI PA KOA&quot;, fue creado por Nin Jiom de Beijing en la dinast\u00eda Qing. La gente moderna vive la vida al m\u00e1ximo. Cuando trabaja duro y juega duro, debe asegurarse de mantener su salud. Nin Jiom Pei Pa Koa puede nutrir los pulmones, equilibrar el calor y ayudar a mantener la piel radiante incluso cuando se levanta tarde por la noche o se fatiga debido al exceso de trabajo. Es un guardi\u00e1n de la salud durante todo el a\u00f1o.*<\/p>","protected":false},"featured_media":5175,"comment_status":"open","ping_status":"closed","template":"","meta":[],"product_cat":[15,160,583,849,758],"product_tag":[878,877],"_links":{"self":[{"href":"https:\/\/jugobar.com\/es\/wp-json\/wp\/v2\/product\/5173"}],"collection":[{"href":"https:\/\/jugobar.com\/es\/wp-json\/wp\/v2\/product"}],"about":[{"href":"https:\/\/jugobar.com\/es\/wp-json\/wp\/v2\/types\/product"}],"replies":[{"embeddable":true,"href":"https:\/\/jugobar.com\/es\/wp-json\/wp\/v2\/comments?post=5173"}],"wp:featuredmedia":[{"embeddable":true,"href":"https:\/\/jugobar.com\/es\/wp-json\/wp\/v2\/media\/5175"}],"wp:attachment":[{"href":"https:\/\/jugobar.com\/es\/wp-json\/wp\/v2\/media?parent=5173"}],"wp:term":[{"taxonomy":"product_cat","embeddable":true,"href":"https:\/\/jugobar.com\/es\/wp-json\/wp\/v2\/product_cat?post=5173"},{"taxonomy":"product_tag","embeddable":true,"href":"https:\/\/jugobar.com\/es\/wp-json\/wp\/v2\/product_tag?post=5173"}],"curies":[{"name":"wp","href":"https:\/\/api.w.org\/{rel}","templated":true}]}}