{"id":4957,"date":"2021-12-04T19:26:41","date_gmt":"2021-12-04T19:26:41","guid":{"rendered":"https:\/\/jugobar.com\/?post_type=product&#038;p=4957"},"modified":"2024-09-09T22:22:13","modified_gmt":"2024-09-09T22:22:13","slug":"stevia-vanilla-sweetner-by-dulsi","status":"publish","type":"product","link":"https:\/\/jugobar.com\/es\/producto\/stevia-vanilla-sweetner-by-dulsi\/","title":{"rendered":"STEVIA DULCE DE VAINILLA de dulsi"},"content":{"rendered":"<p><strong>STEVIA DULCE DE VAINILLA de dulsi<\/strong><\/p>\n<p>\u00a1Hecho con ingredientes org\u00e1nicos!<\/p>","protected":false},"excerpt":{"rendered":"<p><strong>STEVIA DULCE DE VAINILLA de dulsi<\/strong><\/p>\n<p>STEVIA VANILLA <strong>Sweetner by dulsi<\/strong>, ideal en reposter\u00eda, para tus bebidas, caf\u00e9 y t\u00e9, puedes agregar <strong>dulce<\/strong> Stevia Vanilla Drops to your water of bottle, so you will obtain the benefits of the vitamins and minerals of the Stevia and the Vanilla!<\/p>\n<p>Made with\u00a0 100% Pure Stevia, Vanilla pods and Vanilla Caviar.<\/p>\n<p>\u00a1Ingredientes org\u00e1nicos 100%!<\/p>","protected":false},"featured_media":4958,"comment_status":"open","ping_status":"closed","template":"","meta":[],"product_cat":[746,551,61,160,583,651,60,528,563,58],"product_tag":[951,827,828,829,823,952,842],"_links":{"self":[{"href":"https:\/\/jugobar.com\/es\/wp-json\/wp\/v2\/product\/4957"}],"collection":[{"href":"https:\/\/jugobar.com\/es\/wp-json\/wp\/v2\/product"}],"about":[{"href":"https:\/\/jugobar.com\/es\/wp-json\/wp\/v2\/types\/product"}],"replies":[{"embeddable":true,"href":"https:\/\/jugobar.com\/es\/wp-json\/wp\/v2\/comments?post=4957"}],"wp:featuredmedia":[{"embeddable":true,"href":"https:\/\/jugobar.com\/es\/wp-json\/wp\/v2\/media\/4958"}],"wp:attachment":[{"href":"https:\/\/jugobar.com\/es\/wp-json\/wp\/v2\/media?parent=4957"}],"wp:term":[{"taxonomy":"product_cat","embeddable":true,"href":"https:\/\/jugobar.com\/es\/wp-json\/wp\/v2\/product_cat?post=4957"},{"taxonomy":"product_tag","embeddable":true,"href":"https:\/\/jugobar.com\/es\/wp-json\/wp\/v2\/product_tag?post=4957"}],"curies":[{"name":"wp","href":"https:\/\/api.w.org\/{rel}","templated":true}]}}