{"id":4856,"date":"2021-10-15T22:47:24","date_gmt":"2021-10-15T22:47:24","guid":{"rendered":"https:\/\/jugobar.com\/?post_type=product&#038;p=4856"},"modified":"2024-09-08T21:09:20","modified_gmt":"2024-09-08T21:09:20","slug":"clipper-organic-strawberry-fields-herbal-tea","status":"publish","type":"product","link":"https:\/\/jugobar.com\/es\/producto\/clipper-organic-strawberry-fields-herbal-tea\/","title":{"rendered":"T\u00e9 de hierbas org\u00e1nico de campos de fresas CLIPPER"},"content":{"rendered":"<div class=\"card__header mb-20\" data-v-4db54d16=\"\">\n<h3 class=\"faux-h5\" data-v-4db54d16=\"\"><strong>T\u00e9 de hierbas org\u00e1nico de campos de fresas CLIPPER<\/strong><\/h3>\n<p><span style=\"font-size: 1.125rem;\">Ingredientes:<\/span><\/p>\n<div class=\"mb-50 col-md-4\" data-v-5847c77e=\"\">\n<div class=\"text-center\" data-v-5847c77e=\"\">\n<div data-v-5847c77e=\"\">\n<p>Hibisco, flor de sa\u00faco, rosa mosqueta, ra\u00edz de regaliz, aroma natural de fresa con otros aromas naturales, rooibos, aroma natural, fresa.<\/p>\n<p><strong>Consejos y advertencias sobre alergias<\/strong><br \/>\nContiene regaliz: las personas hipertensas deben evitar un consumo excesivo.<\/p>\n<p>Naturalmente libre de cafe\u00edna<\/p>\n<\/div>\n<\/div>\n<\/div>\n<div class=\"col-md-4 mb-50\" data-v-5847c77e=\"\">\n<div class=\"text-center\" data-v-5847c77e=\"\">\n<h3 class=\"mb-20\" data-v-5847c77e=\"\">De origen \u00e9tico<\/h3>\n<div data-v-5847c77e=\"\">\n<p class=\"p1\"><span class=\"s1\">Los productos Clipper se obtienen y fabrican con la conciencia tranquila. Somos los pioneros de las bolsas de t\u00e9 sin blanquear y sin pl\u00e1stico y siempre nos esforzamos por mejorar las cosas para las personas y el planeta.<\/span><\/p>\n<p><strong>informaci\u00f3n diet\u00e9tica <\/strong>Org\u00e1nico, sin OMG, sin cafe\u00edna, kosher, sin gluten, vegano, vegetariano.<\/p>\n<\/div>\n<\/div>\n<\/div>\n<\/div>","protected":false},"excerpt":{"rendered":"<div class=\"card__header mb-20\" data-v-4db54d16=\"\">\n<div class=\"product-details__awards mb-20\" data-v-5847c77e=\"\">\n<div class=\"product-details__award\" data-v-5847c77e=\"\">\n<h5 data-v-40c04182=\"\"><span style=\"color: #333333; font-size: 16px;\">CLIPPER Fresa T\u00e9 HERBAL<\/span><\/h5>\n<h5 data-v-40c04182=\"\"><strong><span style=\"color: #333333; font-size: 16px;\">20 bolsita de t\u00e9<\/span><\/strong><\/h5>\n<h5 data-v-40c04182=\"\">M\u00e1s conocidas como t\u00e9s de frutas o de hierbas, \u00a1las infusiones no son t\u00e9s en absoluto!<\/h5>\n<div class=\"excerpt mb-30 mb-md-40\" data-v-40c04182=\"\">\n<p>Cuando decimos &#039;t\u00e9s de hierbas&#039;, estamos hablando de t\u00e9s a base de frutas o hierbas. El nombre &#039;t\u00e9s de hierbas&#039; se refiere al proceso de maceraci\u00f3n de plantas o frutas en agua caliente. Los t\u00e9s de hierbas pueden ser una excelente manera de mantenerse hidratado, con una taza que contiene alrededor de 4 calor\u00edas.<\/p>\n<p>En Clipper, nuestra fresca y variada gama de t\u00e9s de hierbas son todos org\u00e1nicos y sin cafe\u00edna.<\/p>\n<div class=\"mb-30 mb-md-40 mb-lg-60 block\" data-v-688232c4=\"\">\n<div class=\"container\" data-v-688232c4=\"\">\n<div class=\"row\" data-v-688232c4=\"\">\n<div class=\"col-md-10 offset-md-1 col-lg-8 offset-lg-2\" data-v-688232c4=\"\">\n<div class=\"text text--50\" data-v-688232c4=\"\">\n<div class=\"excerpt mb-30 mb-md-40\" data-v-40c04182=\"\">\n<p>Es bueno saber acreditaciones:<\/p>\n<\/div>\n<div class=\"product-details__awards mb-20\" data-v-5847c77e=\"\">\n<div class=\"product-details__award\" data-v-5847c77e=\"\"><img loading=\"lazy\" decoding=\"async\" class=\"alignleft\" src=\"https:\/\/us.clipper.madriver.app\/wp-content\/uploads\/2019\/02\/USDA-150x150.png\" alt=\"USDA Organic certified\" width=\"110\" height=\"110\" data-v-5847c77e=\"\" \/><img decoding=\"async\" class=\"alignleft\" src=\"https:\/\/us.clipper.madriver.app\/wp-content\/uploads\/2019\/02\/NON-GMO-150x150.png\" alt=\"Non-GMO certified\" data-v-5847c77e=\"\" \/><img loading=\"lazy\" decoding=\"async\" class=\"alignnone\" src=\"https:\/\/us.clipper.madriver.app\/wp-content\/uploads\/2019\/02\/b-corp-150x150.png\" alt=\"B-Corp Certification\" width=\"67\" height=\"67\" data-v-5847c77e=\"\" \/><\/div>\n<\/div>\n<\/div>\n<\/div>\n<\/div>\n<\/div>\n<\/div>\n<\/div>\n<div class=\"product-details__awards mb-20\" data-v-5847c77e=\"\">\n<div class=\"product-details__award\" data-v-5847c77e=\"\"><\/div>\n<\/div>\n<\/div>\n<\/div>\n<\/div>\n<div class=\"card__text mb-30\" data-v-4db54d16=\"\">\n<div data-v-4db54d16=\"\"><\/div>\n<\/div>","protected":false},"featured_media":4850,"comment_status":"open","ping_status":"closed","template":"","meta":[],"product_cat":[651,528],"product_tag":[803,106,805],"_links":{"self":[{"href":"https:\/\/jugobar.com\/es\/wp-json\/wp\/v2\/product\/4856"}],"collection":[{"href":"https:\/\/jugobar.com\/es\/wp-json\/wp\/v2\/product"}],"about":[{"href":"https:\/\/jugobar.com\/es\/wp-json\/wp\/v2\/types\/product"}],"replies":[{"embeddable":true,"href":"https:\/\/jugobar.com\/es\/wp-json\/wp\/v2\/comments?post=4856"}],"wp:featuredmedia":[{"embeddable":true,"href":"https:\/\/jugobar.com\/es\/wp-json\/wp\/v2\/media\/4850"}],"wp:attachment":[{"href":"https:\/\/jugobar.com\/es\/wp-json\/wp\/v2\/media?parent=4856"}],"wp:term":[{"taxonomy":"product_cat","embeddable":true,"href":"https:\/\/jugobar.com\/es\/wp-json\/wp\/v2\/product_cat?post=4856"},{"taxonomy":"product_tag","embeddable":true,"href":"https:\/\/jugobar.com\/es\/wp-json\/wp\/v2\/product_tag?post=4856"}],"curies":[{"name":"wp","href":"https:\/\/api.w.org\/{rel}","templated":true}]}}