{"id":4840,"date":"2021-10-11T22:09:40","date_gmt":"2021-10-11T22:09:40","guid":{"rendered":"https:\/\/jugobar.com\/?post_type=product&#038;p=4840"},"modified":"2024-09-08T21:08:09","modified_gmt":"2024-09-08T21:08:09","slug":"clipper-green-tea","status":"publish","type":"product","link":"https:\/\/jugobar.com\/es\/producto\/clipper-green-tea\/","title":{"rendered":"T\u00c9 VERDE CLIPPER"},"content":{"rendered":"<p><strong>T\u00c9 VERDE CLIPPER<\/strong><\/p>\n<div class=\"text mb-40\" data-v-0901119b=\"\">\n<h2 class=\"faux-h3 mb-20\" data-v-0901119b=\"\">\u00bfQu\u00e9 es el t\u00e9 verde?<\/h2>\n<div class=\"text mb-40\" data-v-0901119b=\"\">\n<p><strong>T\u00e9 verde<\/strong> est\u00e1 hecho de la misma planta que el t\u00e9 negro (t\u00e9 &#039;todos los d\u00edas&#039;) pero procesado de manera diferente. \u00a1Sencillo! El resultado es un sabor distintivo y un hermoso color dorado.<\/p>\n<div class=\"mb-30 mb-md-40 mb-lg-60 block\" data-v-688232c4=\"\">\n<div class=\"container\" data-v-688232c4=\"\">\n<div class=\"row\" data-v-688232c4=\"\">\n<div class=\"col-md-10 offset-md-1 col-lg-8 offset-lg-2\" data-v-688232c4=\"\">\n<h2 class=\"faux-h5 mb-20\" data-v-688232c4=\"\">\u00bfDe d\u00f3nde es el t\u00e9 verde?<\/h2>\n<div class=\"text text--50\" data-v-688232c4=\"\">\n<p class=\"p1\">Se dice que el t\u00e9 verde se origin\u00f3 en China. Una leyenda popular sugiere que Shennong, emperador de China y supuesto inventor de la medicina china, descubri\u00f3 el t\u00e9 como bebida alrededor del 2737 a. Estaba sentado afuera cuando hojas de t\u00e9 frescas de un \u00e1rbol de t\u00e9 cercano cayeron en su taza de agua reci\u00e9n hervida. Es discutible si esto realmente puede clasificarse como &#039;inventar&#039;, pero de todos modos es una buena historia.<span class=\"Apple-converted-space\">\u00a0 <\/span>En Clipper obtenemos la mayor parte de nuestro t\u00e9 verde de plantaciones de t\u00e9 en China y el sur de la India, con quienes tenemos relaciones directas.<\/p>\n<\/div>\n<\/div>\n<\/div>\n<\/div>\n<\/div>\n<div class=\"mb-30 mb-md-40 mb-lg-60 block\" data-v-688232c4=\"\">\n<div class=\"container\" data-v-688232c4=\"\">\n<div class=\"row\" data-v-688232c4=\"\">\n<div class=\"col-md-10 offset-md-1 col-lg-8 offset-lg-2\" data-v-688232c4=\"\">\n<h2 class=\"faux-h5 mb-20\" data-v-688232c4=\"\">\u00bfQu\u00e9 hace que el t\u00e9 verde sea diferente?<\/h2>\n<div class=\"text text--50\" data-v-688232c4=\"\">\n<p class=\"p1\">El t\u00e9 verde proviene de la misma planta que se usa para hacer t\u00e9 negro: Camellia Sinensis. En teor\u00eda, las peque\u00f1as y exuberantes hojas que crecen en este arbusto podr\u00edan convertirse en t\u00e9 negro, verde o incluso blanco. El momento decisivo en el destino del t\u00e9 llega durante el proceso de fermentaci\u00f3n u oxidaci\u00f3n. Una vez que se recogen los cogollos y las hojas, en comparaci\u00f3n con el t\u00e9 negro, el proceso es mucho m\u00e1s suave cuando se prepara t\u00e9 verde.<\/p>\n<\/div>\n<\/div>\n<\/div>\n<\/div>\n<\/div>\n<div class=\"mb-30 mb-md-40 mb-lg-60 block\" data-v-688232c4=\"\">\n<div class=\"container\" data-v-688232c4=\"\">\n<div class=\"row\" data-v-688232c4=\"\">\n<div class=\"col-md-10 offset-md-1 col-lg-8 offset-lg-2\" data-v-688232c4=\"\">\n<div class=\"text text--50\" data-v-688232c4=\"\">\n<p class=\"p1\"><span style=\"color: #666666; font-size: 1.25rem;\">hay cafeina <\/span><span style=\"color: #666666; font-size: 1.25rem;\">en t\u00e9 verde?<\/span><\/p>\n<\/div>\n<\/div>\n<\/div>\n<\/div>\n<\/div>\n<div class=\"text mb-40\" data-v-0901119b=\"\">\n<p>Respuesta corta: \u00a1s\u00ed! Pero esa no es toda la historia. Aunque el t\u00e9 verde proviene de la misma planta que el t\u00e9 negro, se procesa de manera diferente. Te queda un delicioso t\u00e9 verde calmante y menos cafe\u00edna en tu taza.<\/p>\n<\/div>\n<\/div>\n<\/div>","protected":false},"excerpt":{"rendered":"<p><strong>Clipper t\u00e9 verde <\/strong><\/p>\n<p>20 bolsitas de t\u00e9<\/p>\n<p>Es caracter\u00edsticamente ligero y claro. Con el t\u00e9 verde, lo importante es la calidad de las hojas y la experiencia en el proceso de producci\u00f3n, lo que nos da el perfil distintivo que estamos buscando. Solo trabajamos con fincas org\u00e1nicas y de comercio justo de confianza para comprar nuestro t\u00e9 verde y, a menudo, usamos hojas del sur de la India, ya que brindan el sabor delicado y sutil que buscamos.<\/p>","protected":false},"featured_media":4841,"comment_status":"open","ping_status":"closed","template":"","meta":[],"product_cat":[528],"product_tag":[803,802,804],"_links":{"self":[{"href":"https:\/\/jugobar.com\/es\/wp-json\/wp\/v2\/product\/4840"}],"collection":[{"href":"https:\/\/jugobar.com\/es\/wp-json\/wp\/v2\/product"}],"about":[{"href":"https:\/\/jugobar.com\/es\/wp-json\/wp\/v2\/types\/product"}],"replies":[{"embeddable":true,"href":"https:\/\/jugobar.com\/es\/wp-json\/wp\/v2\/comments?post=4840"}],"wp:featuredmedia":[{"embeddable":true,"href":"https:\/\/jugobar.com\/es\/wp-json\/wp\/v2\/media\/4841"}],"wp:attachment":[{"href":"https:\/\/jugobar.com\/es\/wp-json\/wp\/v2\/media?parent=4840"}],"wp:term":[{"taxonomy":"product_cat","embeddable":true,"href":"https:\/\/jugobar.com\/es\/wp-json\/wp\/v2\/product_cat?post=4840"},{"taxonomy":"product_tag","embeddable":true,"href":"https:\/\/jugobar.com\/es\/wp-json\/wp\/v2\/product_tag?post=4840"}],"curies":[{"name":"wp","href":"https:\/\/api.w.org\/{rel}","templated":true}]}}