{"id":4815,"date":"2021-09-03T23:34:28","date_gmt":"2021-09-03T23:34:28","guid":{"rendered":"https:\/\/jugobar.com\/?post_type=product&#038;p=4815"},"modified":"2024-09-08T20:59:58","modified_gmt":"2024-09-08T20:59:58","slug":"blue-zones-nicoya-teas-chan-and-lemongrass","status":"publish","type":"product","link":"https:\/\/jugobar.com\/es\/producto\/blue-zones-nicoya-teas-chan-and-lemongrass\/","title":{"rendered":"ZONAS AZULES NICOYA TEAS CHAN Y LEMONGRASS"},"content":{"rendered":"<h2 class=\"product_title entry-title\"><strong>ZONAS AZULES NICOYA TEAS CHAN Y LEMONGRASS<\/strong> 60G \/ 2.1OZ<\/h2>\n<p><img loading=\"lazy\" decoding=\"async\" class=\"alignleft size-thumbnail wp-image-4180\" src=\"https:\/\/storenicoya.com\/wp-content\/uploads\/2019\/12\/logo-usda-150x150.jpg\" alt=\"\" width=\"150\" height=\"150\" \/>Lemongrass es una hierba arom\u00e1tica que agrega un sabor ligeramente fuerte y \u00e1cido pero sin la amargura del lim\u00f3n.<\/p>","protected":false},"excerpt":{"rendered":"<h2 class=\"product_title entry-title\"><strong>ZONAS AZULES NICOYA TEAS CHAN Y LEMONGRASS<\/strong> 60G \/ 2.1OZ<\/h2>\n<h2>Nicoya in Costa Rica \u2013 the most extensive Blue Zone in the world.<br \/>\n<strong>BLUE ZONES<\/strong> is the result of a National Geographic research that discovered the Blue Zones: regions throughout the world where people live longer, healthier lives.<\/h2>\n<h3>Los t\u00e9s de hierbas Blue Zones se inspiraron en los jardines centenarios. Todas las hierbas que usamos son nativas de la Pen\u00ednsula de Nicoya y contienen muchos atributos medicinales.<\/h3>\n<p>T\u00e9 de hierbas Chan y Lemongrass: ayuda a aliviar los dolores de cabeza. Los beneficios del chan se deben a su contenido en muc\u00edlago, un tipo de fibra soluble que, al ser fermentada por la microflora intestinal, mejora la salud intestinal. El limoncillo es una planta arom\u00e1tica que contiene antioxidantes y tiene propiedades antimicrobianas.<\/p>","protected":false},"featured_media":4816,"comment_status":"open","ping_status":"closed","template":"","meta":[],"product_cat":[528],"product_tag":[717,788,796,898,795,461,790],"_links":{"self":[{"href":"https:\/\/jugobar.com\/es\/wp-json\/wp\/v2\/product\/4815"}],"collection":[{"href":"https:\/\/jugobar.com\/es\/wp-json\/wp\/v2\/product"}],"about":[{"href":"https:\/\/jugobar.com\/es\/wp-json\/wp\/v2\/types\/product"}],"replies":[{"embeddable":true,"href":"https:\/\/jugobar.com\/es\/wp-json\/wp\/v2\/comments?post=4815"}],"wp:featuredmedia":[{"embeddable":true,"href":"https:\/\/jugobar.com\/es\/wp-json\/wp\/v2\/media\/4816"}],"wp:attachment":[{"href":"https:\/\/jugobar.com\/es\/wp-json\/wp\/v2\/media?parent=4815"}],"wp:term":[{"taxonomy":"product_cat","embeddable":true,"href":"https:\/\/jugobar.com\/es\/wp-json\/wp\/v2\/product_cat?post=4815"},{"taxonomy":"product_tag","embeddable":true,"href":"https:\/\/jugobar.com\/es\/wp-json\/wp\/v2\/product_tag?post=4815"}],"curies":[{"name":"wp","href":"https:\/\/api.w.org\/{rel}","templated":true}]}}