{"id":4812,"date":"2021-09-03T23:28:09","date_gmt":"2021-09-03T23:28:09","guid":{"rendered":"https:\/\/jugobar.com\/?post_type=product&#038;p=4812"},"modified":"2024-09-08T20:57:21","modified_gmt":"2024-09-08T20:57:21","slug":"blue-zones-nicoya-teas-burbark-and-spearmint","status":"publish","type":"product","link":"https:\/\/jugobar.com\/es\/producto\/blue-zones-nicoya-teas-burbark-and-spearmint\/","title":{"rendered":"BLUE ZONE NICOYA TEAS BURBARK AND SPEARMINT"},"content":{"rendered":"<h2 class=\"product_title entry-title\"><strong>BLUE ZONE NICOYA TEAS BURBARK AND SPEARMINT<\/strong> 60G \/ 2.1OZ<\/h2>\n<p><img decoding=\"async\" src=\"https:\/\/storenicoya.com\/wp-content\/uploads\/2019\/12\/logo-usda-150x150.jpg\" \/>Burbark es un hermoso arbusto rodeado de hojas perfectamente redondas con peque\u00f1as flores amarillas; Crece silvestre en toda la Pen\u00ednsula de Nicoya. Su aroma y sabor nos recuerda al bosque con elegantes notas amaderadas. La menta tiene un aroma delicado y un sabor refrescante. Esta es una combinaci\u00f3n exquisita y cl\u00e1sica.<\/p>","protected":false},"excerpt":{"rendered":"<h2><strong>T\u00e9 de hierbas de menta verde y Burbark Blue Zones<\/strong><\/h2>\n<p>Nicoya in Costa Rica \u2013 the most extensive Blue Zone in the world.<br \/>\n<strong>BLUE ZONE Nicoya<\/strong> is the result of a National Geographic research that discovered the Blue Zones: regions throughout the world where people live longer, healthier lives.<\/p>\n<p>Los t\u00e9s de hierbas Blue Zones se inspiraron en los jardines centenarios. Todas las hierbas que usamos son nativas de la Pen\u00ednsula de Nicoya y contienen muchos atributos medicinales.<\/p>\n<p>Burbark and Spearmint: ayuda a disminuir los s\u00edntomas del resfriado. Burbark es una planta que al hervir libera muc\u00edlagos y se ha utilizado para reducir la ictericia por el aumento de bilirrubina en sangre como consecuencia de determinados trastornos hep\u00e1ticos. Tambi\u00e9n se ha utilizado para el tratamiento de la inflamaci\u00f3n del est\u00f3mago. La menta es una planta con antioxidantes naturales que se recomienda contra las infecciones respiratorias c\u00f3licos, gases, dolor de est\u00f3mago por pesadez y n\u00e1useas.<\/p>","protected":false},"featured_media":4813,"comment_status":"open","ping_status":"closed","template":"","meta":[],"product_cat":[528],"product_tag":[717,788,793,898,794,790],"_links":{"self":[{"href":"https:\/\/jugobar.com\/es\/wp-json\/wp\/v2\/product\/4812"}],"collection":[{"href":"https:\/\/jugobar.com\/es\/wp-json\/wp\/v2\/product"}],"about":[{"href":"https:\/\/jugobar.com\/es\/wp-json\/wp\/v2\/types\/product"}],"replies":[{"embeddable":true,"href":"https:\/\/jugobar.com\/es\/wp-json\/wp\/v2\/comments?post=4812"}],"wp:featuredmedia":[{"embeddable":true,"href":"https:\/\/jugobar.com\/es\/wp-json\/wp\/v2\/media\/4813"}],"wp:attachment":[{"href":"https:\/\/jugobar.com\/es\/wp-json\/wp\/v2\/media?parent=4812"}],"wp:term":[{"taxonomy":"product_cat","embeddable":true,"href":"https:\/\/jugobar.com\/es\/wp-json\/wp\/v2\/product_cat?post=4812"},{"taxonomy":"product_tag","embeddable":true,"href":"https:\/\/jugobar.com\/es\/wp-json\/wp\/v2\/product_tag?post=4812"}],"curies":[{"name":"wp","href":"https:\/\/api.w.org\/{rel}","templated":true}]}}