{"id":4809,"date":"2021-09-03T23:22:00","date_gmt":"2021-09-03T23:22:00","guid":{"rendered":"https:\/\/jugobar.com\/?post_type=product&#038;p=4809"},"modified":"2025-10-24T19:48:14","modified_gmt":"2025-10-24T19:48:14","slug":"blue-zones-nicoya-tea-lippia-alba-and-hibiscus","status":"publish","type":"product","link":"https:\/\/jugobar.com\/es\/producto\/blue-zones-nicoya-tea-lippia-alba-and-hibiscus\/","title":{"rendered":"ZONAS AZULES T\u00c9 NICOYA LIPPIA ALBA E HIBISCUS"},"content":{"rendered":"<h2 class=\"product_title entry-title\"><strong>ZONAS AZULES T\u00c9 NICOYA LIPPIA ALBA E HIBISCUS 60G \/ 2.1OZ<\/strong><\/h2>\n<p><img loading=\"lazy\" decoding=\"async\" class=\"alignleft size-thumbnail wp-image-4180 lazyloaded\" src=\"https:\/\/storenicoya.com\/wp-content\/uploads\/2019\/12\/logo-usda-150x150.jpg\" alt=\"\" width=\"150\" height=\"150\" data-lazy-src=\"\/\/storenicoya.com\/wp-content\/uploads\/2019\/12\/logo-usda-150x150.jpg\" data-was-processed=\"true\" \/>Lippia Alba, aunque suena extra\u00f1o, en realidad es muy similar a la Verbena com\u00fan, tiene una fragancia de lim\u00f3n fuerte y refrescante. La hermosa flor de hibisco sugiere algunos campos de bayas con sus toques dulces en la parte superior pero regusto \u00e1cido.<\/p>","protected":false},"excerpt":{"rendered":"<h2>T\u00e9 de hierbas Blue Zones Lippia Alba e Hibiscus<\/h2>\n<p>Nicoya in Costa Rica \u2013 the most extensive Blue Zone in the world.<br \/>\n<strong>BLUE ZONE Nicoya<\/strong> is the result of a National Geographic research that discovered the Blue Zones: regions throughout the world where people live longer, healthier lives.<\/p>\n<h3>Los t\u00e9s de hierbas Blue Zones se inspiraron en los jardines centenarios. Todas las hierbas que usamos son nativas de la Pen\u00ednsula de Nicoya y contienen muchos atributos medicinales.<\/h3>\n<p>Lippia Alba e Hibiscus: excelente diur\u00e9tico natural. Lippia alba tiene propiedades espectorantes, favorece la expulsi\u00f3n de las secreciones bronquiales acumuladas. Tambi\u00e9n tiene propiedades antimicrobianas. El hibisco contiene antioxidantes que son sustancias que ayudan a evitar que los radicales libres da\u00f1en las c\u00e9lulas del cuerpo humano. Adem\u00e1s, tiene efectos diur\u00e9ticos.<\/p>","protected":false},"featured_media":5952,"comment_status":"open","ping_status":"closed","template":"","meta":[],"product_cat":[528],"product_tag":[717,788,898,461,791,789,792,790],"_links":{"self":[{"href":"https:\/\/jugobar.com\/es\/wp-json\/wp\/v2\/product\/4809"}],"collection":[{"href":"https:\/\/jugobar.com\/es\/wp-json\/wp\/v2\/product"}],"about":[{"href":"https:\/\/jugobar.com\/es\/wp-json\/wp\/v2\/types\/product"}],"replies":[{"embeddable":true,"href":"https:\/\/jugobar.com\/es\/wp-json\/wp\/v2\/comments?post=4809"}],"wp:featuredmedia":[{"embeddable":true,"href":"https:\/\/jugobar.com\/es\/wp-json\/wp\/v2\/media\/5952"}],"wp:attachment":[{"href":"https:\/\/jugobar.com\/es\/wp-json\/wp\/v2\/media?parent=4809"}],"wp:term":[{"taxonomy":"product_cat","embeddable":true,"href":"https:\/\/jugobar.com\/es\/wp-json\/wp\/v2\/product_cat?post=4809"},{"taxonomy":"product_tag","embeddable":true,"href":"https:\/\/jugobar.com\/es\/wp-json\/wp\/v2\/product_tag?post=4809"}],"curies":[{"name":"wp","href":"https:\/\/api.w.org\/{rel}","templated":true}]}}