{"id":4153,"date":"2021-04-15T21:16:21","date_gmt":"2021-04-15T21:16:21","guid":{"rendered":"https:\/\/jugobar.com\/?post_type=product&#038;p=4153"},"modified":"2024-09-09T22:22:41","modified_gmt":"2024-09-09T22:22:41","slug":"tonnino-filet-de-atun-al-ajillo-en-aceite-de-oliva","status":"publish","type":"product","link":"https:\/\/jugobar.com\/es\/producto\/tonnino-filet-de-atun-al-ajillo-en-aceite-de-oliva\/","title":{"rendered":"FILETE DE AT\u00daN TONNINO CON AJO EN ACEITE DE OLIVA"},"content":{"rendered":"<p><strong>FILETE DE AT\u00daN TONNINO CON AJO EN ACEITE DE OLIVA<\/strong><\/p>\n<p>Listo para Disfrutar: Cada paquete contiene 6.7 oz de filetes de at\u00fan premium Tonnino gourmet.<\/p>\n<p>TONNINO At\u00fan \u2013 Bajo en Calor\u00edas, Sin Gluten, Filetes de At\u00fan, At\u00fan Premium, Rabil en Aceite de Oliva,<\/p>\n<p>Empaquetado en vidrio, 6.7 onzas<\/p>","protected":false},"excerpt":{"rendered":"<p><strong>TONNINO Gourmet At\u00fan y Ajo<\/strong><\/p>\n<p>Filetes de at\u00fan amarillo gourmet enlatados, saludables y extremadamente sabrosos, sin gluten, seguros para delfines y bajos en mercurio, capturados de manera responsable y empacados a mano. Una gran fuente de omega 3 para los ni\u00f1os.<br \/>\nLos productos Tonnino son filetes gourmet de aleta amarilla 100%. Un at\u00fan gourmet de la realeza.<br \/>\n<strong>At\u00fan Tonnino<\/strong> los filetes son una gran opci\u00f3n como regalo, para un amigo especial, un cumplea\u00f1os o una cena con amigos.<\/p>\n<p>Bajo en sodio y colesterol, alto en prote\u00ednas para una r\u00e1pida p\u00e9rdida de peso. Los filetes de at\u00fan gourmet Tonnino ser\u00e1n el complemento perfecto para tu dieta keto.<\/p>\n<p>Verificaci\u00f3n sin OMG.<\/p>","protected":false},"featured_media":5386,"comment_status":"open","ping_status":"closed","template":"","meta":[],"product_cat":[511,160,583,57,71,78,467,845,65],"product_tag":[846,475,848,847],"_links":{"self":[{"href":"https:\/\/jugobar.com\/es\/wp-json\/wp\/v2\/product\/4153"}],"collection":[{"href":"https:\/\/jugobar.com\/es\/wp-json\/wp\/v2\/product"}],"about":[{"href":"https:\/\/jugobar.com\/es\/wp-json\/wp\/v2\/types\/product"}],"replies":[{"embeddable":true,"href":"https:\/\/jugobar.com\/es\/wp-json\/wp\/v2\/comments?post=4153"}],"wp:featuredmedia":[{"embeddable":true,"href":"https:\/\/jugobar.com\/es\/wp-json\/wp\/v2\/media\/5386"}],"wp:attachment":[{"href":"https:\/\/jugobar.com\/es\/wp-json\/wp\/v2\/media?parent=4153"}],"wp:term":[{"taxonomy":"product_cat","embeddable":true,"href":"https:\/\/jugobar.com\/es\/wp-json\/wp\/v2\/product_cat?post=4153"},{"taxonomy":"product_tag","embeddable":true,"href":"https:\/\/jugobar.com\/es\/wp-json\/wp\/v2\/product_tag?post=4153"}],"curies":[{"name":"wp","href":"https:\/\/api.w.org\/{rel}","templated":true}]}}