{"id":4145,"date":"2021-04-15T20:42:10","date_gmt":"2021-04-15T20:42:10","guid":{"rendered":"https:\/\/jugobar.com\/?post_type=product&#038;p=4145"},"modified":"2024-09-09T22:23:42","modified_gmt":"2024-09-09T22:23:42","slug":"tonnino-atun-ventrsca-con-jalapeno-en-aceite-de-oliva","status":"publish","type":"product","link":"https:\/\/jugobar.com\/es\/producto\/tonnino-atun-ventrsca-con-jalapeno-en-aceite-de-oliva\/","title":{"rendered":"VENTRESCA DE AT\u00daN TONNINO VENTRESCA, CON JALAPE\u00d1O EN ACEITE DE OLIVA"},"content":{"rendered":"<p><strong>TONNINO VENTRESCA VENTRESCA DE AT\u00daN CON JALAPE\u00d1O EN ACEITE DE OLIVA<\/strong><\/p>\n<p>Listo para disfrutar, cada paquete contiene 6.7 oz Premium Tonnino Gourmet Ventresca Tuna Belly with Jalape\u00f1o.<\/p>\n<p>Bajo en Calor\u00edas, Sin Gluten, Ventresca de At\u00fan Ventresca, At\u00fan Rabil Premium en Aceite de Oliva con Jalape\u00f1o.<\/p>\n<p>Empaquetado en vidrio, 6.7 onzas<\/p>","protected":false},"excerpt":{"rendered":"<p><strong>TONNINO VENTRESCA VENTRESCA DE AT\u00daN CON JALAPE\u00d1O EN ACEITE DE OLIVA<\/strong><\/p>\n<p>Filetes de at\u00fan amarillo gourmet enlatados, saludables y extremadamente sabrosos, sin gluten, seguros para delfines y bajos en mercurio, capturados de manera responsable y empacados a mano. Una gran fuente de omega 3 para los ni\u00f1os.<br \/>\nLos productos Tonnino son filetes gourmet de aleta amarilla 100%. Un at\u00fan gourmet de la realeza.<br \/>\n<strong>tonnino<\/strong>\u00a0<strong>Ventresca de At\u00fan Ventresca<\/strong> <strong>con Jalape\u00f1o<\/strong>, son una gran opci\u00f3n como regalo, para un amigo especial, un cumplea\u00f1os o una cena con amigos.<\/p>\n<p>Bajo en sodio y colesterol, alto en prote\u00ednas para una r\u00e1pida p\u00e9rdida de peso. Tonnino gourmet Ventresca Ventresca de At\u00fan con Jalape\u00f1o ser\u00e1 el complemento perfecto para tu dieta keto.<\/p>\n<p>Verificaci\u00f3n sin OMG.<\/p>","protected":false},"featured_media":5389,"comment_status":"open","ping_status":"closed","template":"","meta":[],"product_cat":[158,160,849,57,650,78,157,315,845,853],"product_tag":[475,854,857,855,856],"_links":{"self":[{"href":"https:\/\/jugobar.com\/es\/wp-json\/wp\/v2\/product\/4145"}],"collection":[{"href":"https:\/\/jugobar.com\/es\/wp-json\/wp\/v2\/product"}],"about":[{"href":"https:\/\/jugobar.com\/es\/wp-json\/wp\/v2\/types\/product"}],"replies":[{"embeddable":true,"href":"https:\/\/jugobar.com\/es\/wp-json\/wp\/v2\/comments?post=4145"}],"wp:featuredmedia":[{"embeddable":true,"href":"https:\/\/jugobar.com\/es\/wp-json\/wp\/v2\/media\/5389"}],"wp:attachment":[{"href":"https:\/\/jugobar.com\/es\/wp-json\/wp\/v2\/media?parent=4145"}],"wp:term":[{"taxonomy":"product_cat","embeddable":true,"href":"https:\/\/jugobar.com\/es\/wp-json\/wp\/v2\/product_cat?post=4145"},{"taxonomy":"product_tag","embeddable":true,"href":"https:\/\/jugobar.com\/es\/wp-json\/wp\/v2\/product_tag?post=4145"}],"curies":[{"name":"wp","href":"https:\/\/api.w.org\/{rel}","templated":true}]}}