{"id":4138,"date":"2021-04-15T19:54:50","date_gmt":"2021-04-15T19:54:50","guid":{"rendered":"https:\/\/jugobar.com\/?post_type=product&#038;p=4138"},"modified":"2024-09-08T21:27:57","modified_gmt":"2024-09-08T21:27:57","slug":"tonnino-filetes-de-atun-en-agua","status":"publish","type":"product","link":"https:\/\/jugobar.com\/es\/producto\/tonnino-filetes-de-atun-en-agua\/","title":{"rendered":"FILETES DE AT\u00daN TONNINO EN AGUA"},"content":{"rendered":"<p><strong>FILETES DE AT\u00daN TONNINO EN AGUA<\/strong><\/p>\n<p>Listo para disfrutar, cada paquete contiene 6.7 oz de filetes de at\u00fan premium Tonnino Gourmet en agua.<\/p>\n<p>Bajo en Calor\u00edas, Sin Gluten, Filetes de At\u00fan en Agua, At\u00fan de Aleta Amarilla Premium.<\/p>\n<p>Empaquetado en vidrio, 6.7 onzas<\/p>","protected":false},"excerpt":{"rendered":"<p><strong>TONNINO Filetes de At\u00fan en Agua<\/strong><\/p>\n<p>Filetes de at\u00fan amarillo gourmet enlatados, saludables y extremadamente sabrosos, sin gluten, seguros para delfines y bajos en mercurio, capturados de manera responsable y empacados a mano. Una gran fuente de omega 3 para los ni\u00f1os.<br \/>\nLos productos Tonnino son filetes gourmet de aleta amarilla 100%. Un at\u00fan gourmet de la realeza.<br \/>\n<strong>tonnino<\/strong> <strong>Filetes De Atun En Agua<\/strong> son una gran opci\u00f3n como regalo, para un amigo especial, un cumplea\u00f1os o una cena con amigos.<\/p>\n<p>Bajo en sodio y colesterol, alto en prote\u00ednas para una r\u00e1pida p\u00e9rdida de peso. Los Filetes de At\u00fan en Agua Tonnino ser\u00e1n el complemento perfecto para tu dieta keto.<\/p>\n<p>Verificaci\u00f3n sin OMG.<\/p>","protected":false},"featured_media":5390,"comment_status":"open","ping_status":"closed","template":"","meta":[],"product_cat":[160,845],"product_tag":[475,854,858,847],"_links":{"self":[{"href":"https:\/\/jugobar.com\/es\/wp-json\/wp\/v2\/product\/4138"}],"collection":[{"href":"https:\/\/jugobar.com\/es\/wp-json\/wp\/v2\/product"}],"about":[{"href":"https:\/\/jugobar.com\/es\/wp-json\/wp\/v2\/types\/product"}],"replies":[{"embeddable":true,"href":"https:\/\/jugobar.com\/es\/wp-json\/wp\/v2\/comments?post=4138"}],"wp:featuredmedia":[{"embeddable":true,"href":"https:\/\/jugobar.com\/es\/wp-json\/wp\/v2\/media\/5390"}],"wp:attachment":[{"href":"https:\/\/jugobar.com\/es\/wp-json\/wp\/v2\/media?parent=4138"}],"wp:term":[{"taxonomy":"product_cat","embeddable":true,"href":"https:\/\/jugobar.com\/es\/wp-json\/wp\/v2\/product_cat?post=4138"},{"taxonomy":"product_tag","embeddable":true,"href":"https:\/\/jugobar.com\/es\/wp-json\/wp\/v2\/product_tag?post=4138"}],"curies":[{"name":"wp","href":"https:\/\/api.w.org\/{rel}","templated":true}]}}