{"id":4133,"date":"2021-04-15T19:29:55","date_gmt":"2021-04-15T19:29:55","guid":{"rendered":"https:\/\/jugobar.com\/?post_type=product&#038;p=4133"},"modified":"2024-09-09T22:23:05","modified_gmt":"2024-09-09T22:23:05","slug":"tonnino-atun-filetes-en-aceite-de-oliva","status":"publish","type":"product","link":"https:\/\/jugobar.com\/es\/producto\/tonnino-atun-filetes-en-aceite-de-oliva\/","title":{"rendered":"FILETES DE AT\u00daN TONNINO EN ACEITE DE OLIVA"},"content":{"rendered":"<p><strong>FILETES DE AT\u00daN TONNINO EN ACEITE DE OLIVA<\/strong><\/p>\n<p>Listo para disfrutar, cada paquete contiene 6.7 oz de filetes de at\u00fan premium Tonnino Gourmet en aceite de oliva.<\/p>\n<p>Bajo en Calor\u00edas, Sin Gluten, Filetes de At\u00fan en Aceite de Oliva, At\u00fan de Aleta Amarilla Premium.<\/p>\n<p>Empaquetado en vidrio, 6.7 onzas<\/p>\n<p>&nbsp;<\/p>\n<ul>\n<li><\/li>\n<\/ul>","protected":false},"excerpt":{"rendered":"<p><strong>TONNINO Filetes de At\u00fan en Aceite de Oliva<\/strong><\/p>\n<p>Filetes de at\u00fan amarillo gourmet enlatados, saludables y extremadamente sabrosos, sin gluten, seguros para delfines y bajos en mercurio, capturados de manera responsable y empacados a mano. Una gran fuente de omega 3 para los ni\u00f1os.<br \/>\nLos productos Tonnino son filetes gourmet de aleta amarilla 100%. Un at\u00fan gourmet de la realeza.<br \/>\n<strong>tonnino<\/strong> <strong>Filetes de At\u00fan en Aceite de Oliva<\/strong>\u00a0son una gran opci\u00f3n como regalo, para un amigo especial, un cumplea\u00f1os o una cena con amigos.<\/p>\n<p>Bajo en sodio y colesterol, alto en prote\u00ednas para una r\u00e1pida p\u00e9rdida de peso. Los Filetes de At\u00fan en Aceite de Oliva Tonnino ser\u00e1n el complemento perfecto para tu dieta keto.<\/p>\n<p>Verificaci\u00f3n sin OMG.<\/p>","protected":false},"featured_media":4905,"comment_status":"open","ping_status":"closed","template":"","meta":[],"product_cat":[158,511,160,849,57,650,78,157,315,845,853],"product_tag":[854,859,860],"_links":{"self":[{"href":"https:\/\/jugobar.com\/es\/wp-json\/wp\/v2\/product\/4133"}],"collection":[{"href":"https:\/\/jugobar.com\/es\/wp-json\/wp\/v2\/product"}],"about":[{"href":"https:\/\/jugobar.com\/es\/wp-json\/wp\/v2\/types\/product"}],"replies":[{"embeddable":true,"href":"https:\/\/jugobar.com\/es\/wp-json\/wp\/v2\/comments?post=4133"}],"wp:featuredmedia":[{"embeddable":true,"href":"https:\/\/jugobar.com\/es\/wp-json\/wp\/v2\/media\/4905"}],"wp:attachment":[{"href":"https:\/\/jugobar.com\/es\/wp-json\/wp\/v2\/media?parent=4133"}],"wp:term":[{"taxonomy":"product_cat","embeddable":true,"href":"https:\/\/jugobar.com\/es\/wp-json\/wp\/v2\/product_cat?post=4133"},{"taxonomy":"product_tag","embeddable":true,"href":"https:\/\/jugobar.com\/es\/wp-json\/wp\/v2\/product_tag?post=4133"}],"curies":[{"name":"wp","href":"https:\/\/api.w.org\/{rel}","templated":true}]}}