{"id":3356,"date":"2020-04-24T16:03:05","date_gmt":"2020-04-24T16:03:05","guid":{"rendered":"http:\/\/jugobar.com\/sitio_2019\/?post_type=product&#038;p=3356"},"modified":"2023-02-19T15:39:58","modified_gmt":"2023-02-19T15:39:58","slug":"tabasco-original-mcilhenny","status":"publish","type":"product","link":"https:\/\/jugobar.com\/es\/producto\/tabasco-original-mcilhenny\/","title":{"rendered":"Tabasco Original McILHENNY 60ml"},"content":{"rendered":"<p><strong>Tabasco Original McILHENNY 60ml<\/strong><\/p>\n<p>TABASCO y los LOGOS DE DIAMANTE y BOTELLA son marcas registradas de McIlhenny Company<\/p>\n<p>&nbsp;<\/p>","protected":false},"excerpt":{"rendered":"<p><strong>Tabasco Original McILHENNY 60ml<\/strong><\/p>\n<h2 class=\"emphasis-module__headline\">TRES INGREDIENTES SENCILLOS<\/h2>\n<h4 class=\"emphasis-module__subheadline\">UN TRABAJO DE AMOR DE CINCO GENERACIONES<\/h4>\n<p class=\"emphasis-module__copy\">La Salsa de Pimiento Rojo Original TABASCO\u00ae est\u00e1 hecha con tres ingredientes simples y envejecida en barricas de roble por hasta tres a\u00f1os en Avery Island, Louisiana, antes de embotellarla. La receta que origin\u00f3 Edmund McIlhenny en 1868 ha sido utilizada por la familia McIlhenny durante casi 150 a\u00f1os.<\/p>","protected":false},"featured_media":4589,"comment_status":"open","ping_status":"closed","template":"","meta":[],"product_cat":[466,158,511,490,574,710,286,78,157,315,845,563,65],"product_tag":[713,155,144,140,714,154,715,712,142,147,489,153],"_links":{"self":[{"href":"https:\/\/jugobar.com\/es\/wp-json\/wp\/v2\/product\/3356"}],"collection":[{"href":"https:\/\/jugobar.com\/es\/wp-json\/wp\/v2\/product"}],"about":[{"href":"https:\/\/jugobar.com\/es\/wp-json\/wp\/v2\/types\/product"}],"replies":[{"embeddable":true,"href":"https:\/\/jugobar.com\/es\/wp-json\/wp\/v2\/comments?post=3356"}],"wp:featuredmedia":[{"embeddable":true,"href":"https:\/\/jugobar.com\/es\/wp-json\/wp\/v2\/media\/4589"}],"wp:attachment":[{"href":"https:\/\/jugobar.com\/es\/wp-json\/wp\/v2\/media?parent=3356"}],"wp:term":[{"taxonomy":"product_cat","embeddable":true,"href":"https:\/\/jugobar.com\/es\/wp-json\/wp\/v2\/product_cat?post=3356"},{"taxonomy":"product_tag","embeddable":true,"href":"https:\/\/jugobar.com\/es\/wp-json\/wp\/v2\/product_tag?post=3356"}],"curies":[{"name":"wp","href":"https:\/\/api.w.org\/{rel}","templated":true}]}}