{"id":2851,"date":"2020-03-27T18:34:11","date_gmt":"2020-03-27T18:34:11","guid":{"rendered":"http:\/\/jugobar.com\/sitio_2019\/product\/aceite-de-flor-blanca\/"},"modified":"2021-09-01T03:45:48","modified_gmt":"2021-09-01T03:45:48","slug":"aceite-de-flor-blanca","status":"publish","type":"product","link":"https:\/\/jugobar.com\/es\/producto\/aceite-de-flor-blanca\/","title":{"rendered":"ACEITE DE FLORES BLANCAS"},"content":{"rendered":"<p><strong>Aceite de flor blanca 338 fl oz<\/strong><\/p>\n<div class=\"a-section content\">\n<p><strong>Informacion de seguridad:<\/strong><\/p>\n<p>S\u00f3lo para uso externo. No lo use en heridas en la piel irritada o da\u00f1ada en la cara de otra manera que no sea como se indica. Al usar este producto, evite el contacto con los ojos o las membranas mucosas, no lo vendar con fuerza. Deje de usarlo y consulte a un m\u00e9dico si la afecci\u00f3n empeora o los s\u00edntomas persisten.<\/p>\n<\/div>\n<div class=\"a-section content\">\n<h4>Usos:<\/h4>\n<p>Para el alivio temporal de dolores leves y dolores de m\u00fasculos y articulaciones asociados con dolor de espalda simple, esguinces, contusiones y distensiones.<\/p>\n<\/div>\n<div class=\"a-section content\">\n<h4>Ingredientes:<\/h4>\n<p>Alcanfor 6% \u2026\u2026\u2026\u2026\u2026\u2026 .Analg\u00e9sico externoMentol 15% \u2026\u2026\u2026\u2026\u2026\u2026 Analg\u00e9sico externoSalicilato de metilo 40%\u2026 ..Analg\u00e9sico externoIngredientes inactivos: aceite de eucalipto, aceite de lavanda y aceite de menta piperita.<\/p>\n<\/div>\n<div class=\"a-section content\">\n<h4>Instrucciones:<\/h4>\n<p>Para adultos y ni\u00f1os de 2 a\u00f1os en adelante: aplique varias gotas y frote en el \u00e1rea afectada durante unos minutos. Repita no m\u00e1s de 3 a 4 veces al d\u00eda.<\/p>\n<\/div>\n<div class=\"a-section content\">\n<h4>Exclusi\u00f3n y responsabilidades:<\/h4>\n<p>Estas declaraciones no han sido evaluadas por la Administraci\u00f3n de Alimentos y Medicamentos. Este producto no est\u00e1 destinado a diagnosticar, curar, mitigar, tratar o prevenir ninguna enfermedad.<\/p>\n<\/div>","protected":false},"excerpt":{"rendered":"<div class=\"col-sm-15\">\n<div class=\"z-product-info\">\n<div class=\"hidden-xs\">\n<div class=\"tab-content\">\n<div id=\"description\" class=\"tab-pane tab-description active cmsContent\">\n<div class=\"product-title\">\n<h1 style=\"text-align: right;\">Aceite medicinal &quot;White Flower Oil&quot; - 10 ml<\/h1>\n<\/div>\n<div class=\"description\">\n<p>El aceite de flor blanca puede refrescar el cuerpo y aliviar el dolor muscular y el malestar de la piel. Debido a los ingredientes a base de hierbas, el linimento puede estimular la circulaci\u00f3n sangu\u00ednea y calentar el \u00e1rea tratada.<\/p>\n<p><strong>Ingredientes:<\/strong>\u00a0Aceite de gaulteria - Mentol - Aceite de eucalipto - Aceite de menta - Aceite de lavanda - Alcanfor.<\/p>\n<p><strong>Advertencia:<\/strong>\u00a0Evite el contacto con los ojos o las membranas mucosas. No para ni\u00f1os. No utilizar durante el embarazo. Solo para uso externo, no aplicar sobre heridas. Suspenda el tratamiento si se desarrolla irritaci\u00f3n o enrojecimiento en la piel.<\/p>\n<\/div>\n<\/div>\n<\/div>\n<\/div>\n<\/div>\n<\/div>\n<div class=\"col-sm-9\">\n<div id=\"detailsMain\">\n<form class=\"form-horizontal js-oxProductForm\" action=\"https:\/\/www.acupunctureworld.com\/index.php?\" method=\"post\" novalidate=\"true\" data-toggle=\"roxid-validator\">\n<div><\/div>\n<div class=\"z-information\">\n<div class=\"z-detailsbox\">\n<div class=\"hidden-xs\"><\/div>\n<\/div>\n<\/div>\n<\/form>\n<\/div>\n<\/div>","protected":false},"featured_media":4772,"comment_status":"open","ping_status":"closed","template":"","meta":[],"product_cat":[271,710],"product_tag":[348,350,349,355,356,354,351,352,357,515,353],"_links":{"self":[{"href":"https:\/\/jugobar.com\/es\/wp-json\/wp\/v2\/product\/2851"}],"collection":[{"href":"https:\/\/jugobar.com\/es\/wp-json\/wp\/v2\/product"}],"about":[{"href":"https:\/\/jugobar.com\/es\/wp-json\/wp\/v2\/types\/product"}],"replies":[{"embeddable":true,"href":"https:\/\/jugobar.com\/es\/wp-json\/wp\/v2\/comments?post=2851"}],"wp:featuredmedia":[{"embeddable":true,"href":"https:\/\/jugobar.com\/es\/wp-json\/wp\/v2\/media\/4772"}],"wp:attachment":[{"href":"https:\/\/jugobar.com\/es\/wp-json\/wp\/v2\/media?parent=2851"}],"wp:term":[{"taxonomy":"product_cat","embeddable":true,"href":"https:\/\/jugobar.com\/es\/wp-json\/wp\/v2\/product_cat?post=2851"},{"taxonomy":"product_tag","embeddable":true,"href":"https:\/\/jugobar.com\/es\/wp-json\/wp\/v2\/product_tag?post=2851"}],"curies":[{"name":"wp","href":"https:\/\/api.w.org\/{rel}","templated":true}]}}